{"id":22800,"date":"2024-05-07T13:57:26","date_gmt":"2024-05-07T18:57:26","guid":{"rendered":"https:\/\/standardbacking.com\/?page_id=22800"},"modified":"2025-03-26T13:22:07","modified_gmt":"2025-03-26T18:22:07","slug":"pt-pt-confirmation-interview-completed-live-mtts","status":"publish","type":"page","link":"https:\/\/standardbacking.com\/pt\/pt-pt-confirmation-interview-completed-live-mtts\/","title":{"rendered":"PT Confirmation Live MTTs interview completed"},"content":{"rendered":"\t\t<div data-elementor-type=\"wp-page\" data-elementor-id=\"22800\" class=\"elementor elementor-22800\" data-elementor-post-type=\"page\">\n\t\t\t\t<div class=\"elementor-element elementor-element-e5c2de8 e-flex e-con-boxed e-con e-parent\" data-id=\"e5c2de8\" data-element_type=\"container\" data-e-type=\"container\">\n\t\t\t\t\t<div class=\"e-con-inner\">\n\t\t<div class=\"elementor-element elementor-element-5374280 e-con-full e-flex e-con e-child\" data-id=\"5374280\" data-element_type=\"container\" data-e-type=\"container\" data-settings=\"{&quot;background_background&quot;:&quot;classic&quot;}\">\n\t\t\t\t<div class=\"elementor-element elementor-element-9c622c5 elementor-widget elementor-widget-image\" data-id=\"9c622c5\" data-element_type=\"widget\" data-e-type=\"widget\" data-widget_type=\"image.default\">\n\t\t\t\t<div class=\"elementor-widget-container\">\n\t\t\t\t\t\t\t\t\t\t\t\t\t\t\t\t<a href=\"https:\/\/standardbacking.com\/pt\/\">\n\t\t\t\t\t\t\t<img fetchpriority=\"high\" decoding=\"async\" width=\"408\" height=\"468\" src=\"https:\/\/standardbacking.com\/wp-content\/uploads\/2025\/01\/StandardBacking-Symbol-1.webp\" class=\"attachment-large size-large wp-image-19903\" alt=\"\" \/>\t\t\t\t\t\t\t\t<\/a>\n\t\t\t\t\t\t\t\t\t\t\t\t\t\t\t<\/div>\n\t\t\t\t<\/div>\n\t\t\t\t<div class=\"elementor-element elementor-element-a404b2d elementor-widget elementor-widget-heading\" data-id=\"a404b2d\" data-element_type=\"widget\" data-e-type=\"widget\" data-widget_type=\"heading.default\">\n\t\t\t\t<div class=\"elementor-widget-container\">\n\t\t\t\t\t<div class=\"elementor-heading-title elementor-size-default\">APLICA\u00c7\u00c3O CONCLU\u00cdDA<\/div>\t\t\t\t<\/div>\n\t\t\t\t<\/div>\n\t\t\t\t<div class=\"elementor-element elementor-element-3a32e20 elementor-widget__width-initial elementor-widget elementor-widget-heading\" data-id=\"3a32e20\" data-element_type=\"widget\" data-e-type=\"widget\" data-widget_type=\"heading.default\">\n\t\t\t\t<div class=\"elementor-widget-container\">\n\t\t\t\t\t<h2 class=\"elementor-heading-title elementor-size-default\">Obrigado <span class=\"primary-text\"> pela sua postula\u00e7\u00e3o<\/span><\/h2>\t\t\t\t<\/div>\n\t\t\t\t<\/div>\n\t\t\t\t<div class=\"elementor-element elementor-element-64e243f elementor-widget__width-initial elementor-widget elementor-widget-text-editor\" data-id=\"64e243f\" data-element_type=\"widget\" data-e-type=\"widget\" data-widget_type=\"text-editor.default\">\n\t\t\t\t<div class=\"elementor-widget-container\">\n\t\t\t\t\t\t\t\t\t<p>Nossa equipe recebeu sua inscri\u00e7\u00e3o e entraremos em contato com voc\u00ea em breve.<\/p>\t\t\t\t\t\t\t\t<\/div>\n\t\t\t\t<\/div>\n\t\t\t\t<div class=\"elementor-element elementor-element-79a19a4 elementor-widget elementor-widget-button\" data-id=\"79a19a4\" data-element_type=\"widget\" data-e-type=\"widget\" data-widget_type=\"button.default\">\n\t\t\t\t<div class=\"elementor-widget-container\">\n\t\t\t\t\t\t\t\t\t<div class=\"elementor-button-wrapper\">\n\t\t\t\t\t<a class=\"elementor-button elementor-button-link elementor-size-sm\" href=\"#\">\n\t\t\t\t\t\t<span class=\"elementor-button-content-wrapper\">\n\t\t\t\t\t\t\t\t\t<span class=\"elementor-button-text\">IR PARA O DASHBOARD<\/span>\n\t\t\t\t\t<\/span>\n\t\t\t\t\t<\/a>\n\t\t\t\t<\/div>\n\t\t\t\t\t\t\t\t<\/div>\n\t\t\t\t<\/div>\n\t\t\t\t<\/div>\n\t\t\t\t\t<\/div>\n\t\t\t\t<\/div>\n\t\t\t\t<\/div>\n\t\t","protected":false},"excerpt":{"rendered":"<p>APLICA\u00c7\u00c3O CONCLU\u00cdDA Obrigado pela sua postula\u00e7\u00e3o Nossa equipe recebeu sua inscri\u00e7\u00e3o e entraremos em contato com voc\u00ea em breve. IR PARA O DASHBOARD<\/p>\n","protected":false},"author":195,"featured_media":0,"parent":0,"menu_order":0,"comment_status":"closed","ping_status":"closed","template":"","meta":{"footnotes":""},"yst_prominent_words":[],"class_list":["post-22800","page","type-page","status-publish","hentry"],"_links":{"self":[{"href":"https:\/\/standardbacking.com\/pt\/wp-json\/wp\/v2\/pages\/22800","targetHints":{"allow":["GET"]}}],"collection":[{"href":"https:\/\/standardbacking.com\/pt\/wp-json\/wp\/v2\/pages"}],"about":[{"href":"https:\/\/standardbacking.com\/pt\/wp-json\/wp\/v2\/types\/page"}],"author":[{"embeddable":true,"href":"https:\/\/standardbacking.com\/pt\/wp-json\/wp\/v2\/users\/195"}],"replies":[{"embeddable":true,"href":"https:\/\/standardbacking.com\/pt\/wp-json\/wp\/v2\/comments?post=22800"}],"version-history":[{"count":4,"href":"https:\/\/standardbacking.com\/pt\/wp-json\/wp\/v2\/pages\/22800\/revisions"}],"predecessor-version":[{"id":22805,"href":"https:\/\/standardbacking.com\/pt\/wp-json\/wp\/v2\/pages\/22800\/revisions\/22805"}],"wp:attachment":[{"href":"https:\/\/standardbacking.com\/pt\/wp-json\/wp\/v2\/media?parent=22800"}],"wp:term":[{"taxonomy":"yst_prominent_words","embeddable":true,"href":"https:\/\/standardbacking.com\/pt\/wp-json\/wp\/v2\/yst_prominent_words?post=22800"}],"curies":[{"name":"wp","href":"https:\/\/api.w.org\/{rel}","templated":true}]}}