{"id":22858,"date":"2024-01-31T07:44:46","date_gmt":"2024-01-31T12:44:46","guid":{"rendered":"https:\/\/standardbacking.com\/?page_id=22858"},"modified":"2025-03-26T13:22:04","modified_gmt":"2025-03-26T18:22:04","slug":"application-form-interview-propath-3","status":"publish","type":"page","link":"https:\/\/standardbacking.com\/pt\/application-form-interview-propath-3\/","title":{"rendered":"Formul\u00e1rio de aplica\u00e7\u00e3o &#8211; Entrevista ProPath"},"content":{"rendered":"\t\t<div data-elementor-type=\"wp-page\" data-elementor-id=\"22858\" class=\"elementor elementor-22858\" data-elementor-post-type=\"page\">\n\t\t\t\t\t\t<section class=\"elementor-section elementor-top-section elementor-element elementor-element-e7b5e14 elementor-section-boxed elementor-section-height-default elementor-section-height-default\" data-id=\"e7b5e14\" data-element_type=\"section\" data-e-type=\"section\">\n\t\t\t\t\t\t<div class=\"elementor-container elementor-column-gap-default\">\n\t\t\t\t\t<div class=\"elementor-column elementor-col-100 elementor-top-column elementor-element elementor-element-5b3efa3\" data-id=\"5b3efa3\" data-element_type=\"column\" data-e-type=\"column\">\n\t\t\t<div class=\"elementor-widget-wrap elementor-element-populated\">\n\t\t\t\t\t\t<div class=\"elementor-element elementor-element-e53c90b elementor-widget elementor-widget-html\" data-id=\"e53c90b\" data-element_type=\"widget\" data-e-type=\"widget\" data-widget_type=\"html.default\">\n\t\t\t\t<div class=\"elementor-widget-container\">\n\t\t\t\t\t<div data-tf-live=\"01HNFTD0XBH1BWRD7J940977SQ\"><\/div><script src=\"\/\/embed.typeform.com\/next\/embed.js\"><\/script>\t\t\t\t<\/div>\n\t\t\t\t<\/div>\n\t\t\t\t\t<\/div>\n\t\t<\/div>\n\t\t\t\t\t<\/div>\n\t\t<\/section>\n\t\t\t\t<\/div>\n\t\t","protected":false},"excerpt":{"rendered":"","protected":false},"author":195,"featured_media":0,"parent":0,"menu_order":0,"comment_status":"closed","ping_status":"closed","template":"","meta":{"footnotes":""},"yst_prominent_words":[],"class_list":["post-22858","page","type-page","status-publish","hentry"],"_links":{"self":[{"href":"https:\/\/standardbacking.com\/pt\/wp-json\/wp\/v2\/pages\/22858","targetHints":{"allow":["GET"]}}],"collection":[{"href":"https:\/\/standardbacking.com\/pt\/wp-json\/wp\/v2\/pages"}],"about":[{"href":"https:\/\/standardbacking.com\/pt\/wp-json\/wp\/v2\/types\/page"}],"author":[{"embeddable":true,"href":"https:\/\/standardbacking.com\/pt\/wp-json\/wp\/v2\/users\/195"}],"replies":[{"embeddable":true,"href":"https:\/\/standardbacking.com\/pt\/wp-json\/wp\/v2\/comments?post=22858"}],"version-history":[{"count":4,"href":"https:\/\/standardbacking.com\/pt\/wp-json\/wp\/v2\/pages\/22858\/revisions"}],"predecessor-version":[{"id":22862,"href":"https:\/\/standardbacking.com\/pt\/wp-json\/wp\/v2\/pages\/22858\/revisions\/22862"}],"wp:attachment":[{"href":"https:\/\/standardbacking.com\/pt\/wp-json\/wp\/v2\/media?parent=22858"}],"wp:term":[{"taxonomy":"yst_prominent_words","embeddable":true,"href":"https:\/\/standardbacking.com\/pt\/wp-json\/wp\/v2\/yst_prominent_words?post=22858"}],"curies":[{"name":"wp","href":"https:\/\/api.w.org\/{rel}","templated":true}]}}