{"id":22872,"date":"2024-01-04T07:41:06","date_gmt":"2024-01-04T12:41:06","guid":{"rendered":"https:\/\/standardbacking.com\/?page_id=22872"},"modified":"2025-03-26T13:22:04","modified_gmt":"2025-03-26T18:22:04","slug":"application-form-live-staking-3","status":"publish","type":"page","link":"https:\/\/standardbacking.com\/pt\/application-form-live-staking-3\/","title":{"rendered":"Formul\u00e1rio de inscri\u00e7\u00e3o &#8211; ProPath &#8211; Live Staking MTT"},"content":{"rendered":"\t\t<div data-elementor-type=\"wp-page\" data-elementor-id=\"22872\" class=\"elementor elementor-22872\" data-elementor-post-type=\"page\">\n\t\t\t\t\t\t<section class=\"elementor-section elementor-top-section elementor-element elementor-element-666faa4 elementor-section-boxed elementor-section-height-default elementor-section-height-default\" data-id=\"666faa4\" data-element_type=\"section\" data-e-type=\"section\">\n\t\t\t\t\t\t<div class=\"elementor-container elementor-column-gap-default\">\n\t\t\t\t\t<div class=\"elementor-column elementor-col-100 elementor-top-column elementor-element elementor-element-6c10d75\" data-id=\"6c10d75\" data-element_type=\"column\" data-e-type=\"column\">\n\t\t\t<div class=\"elementor-widget-wrap elementor-element-populated\">\n\t\t\t\t\t\t<div class=\"elementor-element elementor-element-cda2458 elementor-widget elementor-widget-html\" data-id=\"cda2458\" data-element_type=\"widget\" data-e-type=\"widget\" data-widget_type=\"html.default\">\n\t\t\t\t<div class=\"elementor-widget-container\">\n\t\t\t\t\t<div data-tf-live=\"01HKA8C9VFSD9FGQHZJM06ZGV1\"><\/div><script src=\"\/\/embed.typeform.com\/next\/embed.js\"><\/script>\t\t\t\t<\/div>\n\t\t\t\t<\/div>\n\t\t\t\t\t<\/div>\n\t\t<\/div>\n\t\t\t\t\t<\/div>\n\t\t<\/section>\n\t\t\t\t<\/div>\n\t\t","protected":false},"excerpt":{"rendered":"","protected":false},"author":195,"featured_media":22831,"parent":0,"menu_order":0,"comment_status":"closed","ping_status":"closed","template":"","meta":{"footnotes":""},"yst_prominent_words":[],"class_list":["post-22872","page","type-page","status-publish","has-post-thumbnail","hentry"],"_links":{"self":[{"href":"https:\/\/standardbacking.com\/pt\/wp-json\/wp\/v2\/pages\/22872","targetHints":{"allow":["GET"]}}],"collection":[{"href":"https:\/\/standardbacking.com\/pt\/wp-json\/wp\/v2\/pages"}],"about":[{"href":"https:\/\/standardbacking.com\/pt\/wp-json\/wp\/v2\/types\/page"}],"author":[{"embeddable":true,"href":"https:\/\/standardbacking.com\/pt\/wp-json\/wp\/v2\/users\/195"}],"replies":[{"embeddable":true,"href":"https:\/\/standardbacking.com\/pt\/wp-json\/wp\/v2\/comments?post=22872"}],"version-history":[{"count":4,"href":"https:\/\/standardbacking.com\/pt\/wp-json\/wp\/v2\/pages\/22872\/revisions"}],"predecessor-version":[{"id":22876,"href":"https:\/\/standardbacking.com\/pt\/wp-json\/wp\/v2\/pages\/22872\/revisions\/22876"}],"wp:featuredmedia":[{"embeddable":true,"href":"https:\/\/standardbacking.com\/pt\/wp-json\/wp\/v2\/media\/22831"}],"wp:attachment":[{"href":"https:\/\/standardbacking.com\/pt\/wp-json\/wp\/v2\/media?parent=22872"}],"wp:term":[{"taxonomy":"yst_prominent_words","embeddable":true,"href":"https:\/\/standardbacking.com\/pt\/wp-json\/wp\/v2\/yst_prominent_words?post=22872"}],"curies":[{"name":"wp","href":"https:\/\/api.w.org\/{rel}","templated":true}]}}