{"id":23628,"date":"2025-01-27T14:50:29","date_gmt":"2025-01-27T19:50:29","guid":{"rendered":"https:\/\/standardbacking.com\/?page_id=23628"},"modified":"2025-03-26T13:22:06","modified_gmt":"2025-03-26T18:22:06","slug":"refere-a-friend","status":"publish","type":"page","link":"https:\/\/standardbacking.com\/pt\/refere-a-friend\/","title":{"rendered":"Indique um amigo"},"content":{"rendered":"\t\t<div data-elementor-type=\"wp-page\" data-elementor-id=\"23628\" class=\"elementor elementor-23628\" data-elementor-post-type=\"page\">\n\t\t\t\t<div class=\"elementor-element elementor-element-bb51b2a e-flex e-con-boxed e-con e-parent\" data-id=\"bb51b2a\" data-element_type=\"container\" data-e-type=\"container\">\n\t\t\t\t\t<div class=\"e-con-inner\">\n\t\t<div class=\"elementor-element elementor-element-8fcaf10 e-con-full e-flex e-con e-child\" data-id=\"8fcaf10\" data-element_type=\"container\" data-e-type=\"container\">\n\t\t<div class=\"elementor-element elementor-element-e6440da e-con-full e-flex e-con e-child\" data-id=\"e6440da\" data-element_type=\"container\" data-e-type=\"container\">\n\t\t\t\t<div class=\"elementor-element elementor-element-dba9f16 elementor-widget elementor-widget-image\" data-id=\"dba9f16\" data-element_type=\"widget\" data-e-type=\"widget\" data-widget_type=\"image.default\">\n\t\t\t\t<div class=\"elementor-widget-container\">\n\t\t\t\t\t\t\t\t\t\t\t\t\t\t\t<img fetchpriority=\"high\" decoding=\"async\" width=\"800\" height=\"800\" src=\"https:\/\/standardbacking.com\/wp-content\/uploads\/2025\/01\/PokerPro-1024x1024.webp\" class=\"attachment-large size-large wp-image-19913\" alt=\"\" srcset=\"https:\/\/standardbacking.com\/wp-content\/uploads\/2025\/01\/PokerPro-1024x1024.webp 1024w, https:\/\/standardbacking.com\/wp-content\/uploads\/2025\/01\/PokerPro-300x300.webp 300w, https:\/\/standardbacking.com\/wp-content\/uploads\/2025\/01\/PokerPro-150x150.webp 150w, https:\/\/standardbacking.com\/wp-content\/uploads\/2025\/01\/PokerPro-768x768.webp 768w, https:\/\/standardbacking.com\/wp-content\/uploads\/2025\/01\/PokerPro-600x600.webp 600w\" sizes=\"(max-width: 800px) 100vw, 800px\" \/>\t\t\t\t\t\t\t\t\t\t\t\t\t\t\t<\/div>\n\t\t\t\t<\/div>\n\t\t\t\t<\/div>\n\t\t<div class=\"elementor-element elementor-element-bbde710 e-con-full e-flex e-con e-child\" data-id=\"bbde710\" data-element_type=\"container\" data-e-type=\"container\">\n\t\t\t\t<div class=\"elementor-element elementor-element-0c7acc8 elementor-widget elementor-widget-heading\" data-id=\"0c7acc8\" data-element_type=\"widget\" data-e-type=\"widget\" data-widget_type=\"heading.default\">\n\t\t\t\t<div class=\"elementor-widget-container\">\n\t\t\t\t\t<h1 class=\"elementor-heading-title elementor-size-default\">Compartilhe o jogo <span class=\"primary-text\"><br>Indique um amigo com Standard Backing<span><\/br><\/h1>\t\t\t\t<\/div>\n\t\t\t\t<\/div>\n\t\t\t\t<div class=\"elementor-element elementor-element-2a5511a elementor-widget elementor-widget-text-editor\" data-id=\"2a5511a\" data-element_type=\"widget\" data-e-type=\"widget\" data-widget_type=\"text-editor.default\">\n\t\t\t\t<div class=\"elementor-widget-container\">\n\t\t\t\t\t\t\t\t\t<p>N\u00e3o arrisque seu futuro, aposte no sucesso!<\/p>\t\t\t\t\t\t\t\t<\/div>\n\t\t\t\t<\/div>\n\t\t\t\t<div class=\"elementor-element elementor-element-1b79c4f elementor-widget__width-initial elementor-widget elementor-widget-text-editor\" data-id=\"1b79c4f\" data-element_type=\"widget\" data-e-type=\"widget\" data-widget_type=\"text-editor.default\">\n\t\t\t\t<div class=\"elementor-widget-container\">\n\t\t\t\t\t\t\t\t\t<p>Cadastre-se no programa de afiliados e garanta uma m\u00e3o vencedora no mundo das carreiras no p\u00f4quer.<\/p>\t\t\t\t\t\t\t\t<\/div>\n\t\t\t\t<\/div>\n\t\t<div class=\"elementor-element elementor-element-f3a0014 e-con-full e-flex e-con e-child\" data-id=\"f3a0014\" data-element_type=\"container\" data-e-type=\"container\">\n\t\t\t\t<div class=\"elementor-element elementor-element-402e815 elementor-align-right elementor-mobile-align-center elementor-widget elementor-widget-button\" data-id=\"402e815\" data-element_type=\"widget\" data-e-type=\"widget\" data-widget_type=\"button.default\">\n\t\t\t\t<div class=\"elementor-widget-container\">\n\t\t\t\t\t\t\t\t\t<div class=\"elementor-button-wrapper\">\n\t\t\t\t\t<a class=\"elementor-button elementor-size-sm\" role=\"button\">\n\t\t\t\t\t\t<span class=\"elementor-button-content-wrapper\">\n\t\t\t\t\t\t<span class=\"elementor-button-icon\">\n\t\t\t\t<svg xmlns=\"http:\/\/www.w3.org\/2000\/svg\" width=\"20\" height=\"21\" viewBox=\"0 0 20 21\" fill=\"none\"><ellipse cx=\"10\" cy=\"10.5\" rx=\"10\" ry=\"10.5\" fill=\"white\"><\/ellipse><path d=\"M9.14286 5C9.14286 5.583 9.77114 6.45357 10.4071 7.18429C11.2249 8.12714 12.202 8.94979 13.3223 9.57757C14.1623 10.0482 15.1806 10.5 16 10.5M16 10.5C15.1806 10.5 14.1614 10.9518 13.3223 11.4224C12.202 12.051 11.2249 12.8736 10.4071 13.8149C9.77114 14.5464 9.14286 15.4186 9.14286 16M16 10.5L3 10.5\" stroke=\"#EA3F37\" stroke-width=\"2\" stroke-linejoin=\"round\"><\/path><\/svg>\t\t\t<\/span>\n\t\t\t\t\t\t\t\t\t<span class=\"elementor-button-text\">Inscreva-se agora<\/span>\n\t\t\t\t\t<\/span>\n\t\t\t\t\t<\/a>\n\t\t\t\t<\/div>\n\t\t\t\t\t\t\t\t<\/div>\n\t\t\t\t<\/div>\n\t\t\t\t<\/div>\n\t\t\t\t<\/div>\n\t\t\t\t<\/div>\n\t\t\t\t\t<\/div>\n\t\t\t\t<\/div>\n\t\t<div class=\"elementor-element elementor-element-23aec86 e-flex e-con-boxed e-con e-parent\" data-id=\"23aec86\" data-element_type=\"container\" data-e-type=\"container\">\n\t\t\t\t\t<div class=\"e-con-inner\">\n\t\t<div class=\"elementor-element elementor-element-5a220f5 e-con-full e-flex e-con e-child\" data-id=\"5a220f5\" data-element_type=\"container\" data-e-type=\"container\">\n\t\t<div class=\"elementor-element elementor-element-2df68a4 e-con-full e-flex e-con e-child\" data-id=\"2df68a4\" data-element_type=\"container\" data-e-type=\"container\" data-settings=\"{&quot;background_background&quot;:&quot;gradient&quot;}\">\n\t\t<div class=\"elementor-element elementor-element-e90aa5d e-con-full e-flex e-con e-child\" data-id=\"e90aa5d\" data-element_type=\"container\" data-e-type=\"container\">\n\t\t\t\t<div class=\"elementor-element elementor-element-474c366 elementor-absolute elementor-widget elementor-widget-image\" data-id=\"474c366\" data-element_type=\"widget\" data-e-type=\"widget\" data-settings=\"{&quot;_position&quot;:&quot;absolute&quot;}\" data-widget_type=\"image.default\">\n\t\t\t\t<div class=\"elementor-widget-container\">\n\t\t\t\t\t\t\t\t\t\t\t\t\t\t\t<img decoding=\"async\" width=\"128\" height=\"129\" src=\"https:\/\/standardbacking.com\/wp-content\/uploads\/2025\/01\/Group.png\" class=\"attachment-full size-full wp-image-20108\" alt=\"\" \/>\t\t\t\t\t\t\t\t\t\t\t\t\t\t\t<\/div>\n\t\t\t\t<\/div>\n\t\t\t\t<div class=\"elementor-element elementor-element-c7b8af9 elementor-widget-mobile__width-initial elementor-widget elementor-widget-heading\" data-id=\"c7b8af9\" data-element_type=\"widget\" data-e-type=\"widget\" data-widget_type=\"heading.default\">\n\t\t\t\t<div class=\"elementor-widget-container\">\n\t\t\t\t\t<p class=\"elementor-heading-title elementor-size-default\">Mantenha um ganha-ganha com sua comunidade<\/p>\t\t\t\t<\/div>\n\t\t\t\t<\/div>\n\t\t\t\t<div class=\"elementor-element elementor-element-005ea3b elementor-widget elementor-widget-heading\" data-id=\"005ea3b\" data-element_type=\"widget\" data-e-type=\"widget\" data-widget_type=\"heading.default\">\n\t\t\t\t<div class=\"elementor-widget-container\">\n\t\t\t\t\t<h1 class=\"elementor-heading-title elementor-size-default\">oferta\u00a0 <span class=\"primary-text\"><br>AFILIADO<span><\/br><\/h1>\t\t\t\t<\/div>\n\t\t\t\t<\/div>\n\t\t<div class=\"elementor-element elementor-element-3184800 e-con-full e-flex e-con e-child\" data-id=\"3184800\" data-element_type=\"container\" data-e-type=\"container\">\n\t\t\t\t<div class=\"elementor-element elementor-element-b5c6f60 elementor-widget elementor-widget-text-editor\" data-id=\"b5c6f60\" data-element_type=\"widget\" data-e-type=\"widget\" data-widget_type=\"text-editor.default\">\n\t\t\t\t<div class=\"elementor-widget-container\">\n\t\t\t\t\t\t\t\t\t<p><strong>Pr\u00eamio<\/strong> por comiss\u00e3o<\/p>\t\t\t\t\t\t\t\t<\/div>\n\t\t\t\t<\/div>\n\t\t\t\t<div class=\"elementor-element elementor-element-1ef70a1 elementor-widget elementor-widget-heading\" data-id=\"1ef70a1\" data-element_type=\"widget\" data-e-type=\"widget\" data-widget_type=\"heading.default\">\n\t\t\t\t<div class=\"elementor-widget-container\">\n\t\t\t\t\t<h2 class=\"elementor-heading-title elementor-size-default\">100$<\/h2>\t\t\t\t<\/div>\n\t\t\t\t<\/div>\n\t\t\t\t<div class=\"elementor-element elementor-element-2b683e2 elementor-widget elementor-widget-text-editor\" data-id=\"2b683e2\" data-element_type=\"widget\" data-e-type=\"widget\" data-widget_type=\"text-editor.default\">\n\t\t\t\t<div class=\"elementor-widget-container\">\n\t\t\t\t\t\t\t\t\t<p>PARA CADA JOGADOR APROVADO<\/p>\t\t\t\t\t\t\t\t<\/div>\n\t\t\t\t<\/div>\n\t\t\t\t<\/div>\n\t\t\t\t<\/div>\n\t\t\t\t<\/div>\n\t\t\t\t<\/div>\n\t\t\t\t\t<\/div>\n\t\t\t\t<\/div>\n\t\t<div class=\"elementor-element elementor-element-7fd7873 e-flex e-con-boxed e-con e-parent\" data-id=\"7fd7873\" data-element_type=\"container\" data-e-type=\"container\">\n\t\t\t\t\t<div class=\"e-con-inner\">\n\t\t<div class=\"elementor-element elementor-element-10297f5 e-con-full e-flex e-con e-child\" data-id=\"10297f5\" data-element_type=\"container\" data-e-type=\"container\">\n\t\t\t\t<div class=\"elementor-element elementor-element-4e39de4 elementor-widget__width-initial elementor-widget elementor-widget-heading\" data-id=\"4e39de4\" data-element_type=\"widget\" data-e-type=\"widget\" data-widget_type=\"heading.default\">\n\t\t\t\t<div class=\"elementor-widget-container\">\n\t\t\t\t\t<h2 class=\"elementor-heading-title elementor-size-default\">O pr\u00f3ximo passo em seu\n<span class=\"primary-text\">jornada profissional de p\u00f4quer<\/span><\/h2>\t\t\t\t<\/div>\n\t\t\t\t<\/div>\n\t\t<div class=\"elementor-element elementor-element-b353b3d e-con-full e-flex e-con e-child\" data-id=\"b353b3d\" data-element_type=\"container\" data-e-type=\"container\">\n\t\t<div class=\"elementor-element elementor-element-5edb494 e-con-full sb-gradient-box-1 e-flex e-con e-child\" data-id=\"5edb494\" data-element_type=\"container\" data-e-type=\"container\" data-settings=\"{&quot;background_background&quot;:&quot;classic&quot;}\">\n\t\t\t\t<div class=\"elementor-element elementor-element-548b517 elementor-view-stacked elementor-shape-circle elementor-widget elementor-widget-icon\" data-id=\"548b517\" data-element_type=\"widget\" data-e-type=\"widget\" data-widget_type=\"icon.default\">\n\t\t\t\t<div class=\"elementor-widget-container\">\n\t\t\t\t\t\t\t<div class=\"elementor-icon-wrapper\">\n\t\t\t<div class=\"elementor-icon\">\n\t\t\t<svg xmlns=\"http:\/\/www.w3.org\/2000\/svg\" width=\"18\" height=\"36\" viewBox=\"0 0 18 36\" fill=\"none\"><path d=\"M0.889841 10.8646V0.880628H17.1618V35.9686H5.97784V10.8646H0.889841Z\" fill=\"white\"><\/path><\/svg>\t\t\t<\/div>\n\t\t<\/div>\n\t\t\t\t\t\t<\/div>\n\t\t\t\t<\/div>\n\t\t\t\t<div class=\"elementor-element elementor-element-2dad324 elementor-widget elementor-widget-heading\" data-id=\"2dad324\" data-element_type=\"widget\" data-e-type=\"widget\" data-widget_type=\"heading.default\">\n\t\t\t\t<div class=\"elementor-widget-container\">\n\t\t\t\t\t<h5 class=\"elementor-heading-title elementor-size-default\">REGISTRE-SE COMO AFILIADO<\/h5>\t\t\t\t<\/div>\n\t\t\t\t<\/div>\n\t\t\t\t<div class=\"elementor-element elementor-element-05fa62f elementor-widget elementor-widget-text-editor\" data-id=\"05fa62f\" data-element_type=\"widget\" data-e-type=\"widget\" data-widget_type=\"text-editor.default\">\n\t\t\t\t<div class=\"elementor-widget-container\">\n\t\t\t\t\t\t\t\t\t<p>Crie uma conta em algumas etapas f\u00e1ceis<\/p>\t\t\t\t\t\t\t\t<\/div>\n\t\t\t\t<\/div>\n\t\t\t\t<\/div>\n\t\t<div class=\"elementor-element elementor-element-d784fdf e-con-full sb-gradient-box-1 e-flex e-con e-child\" data-id=\"d784fdf\" data-element_type=\"container\" data-e-type=\"container\" data-settings=\"{&quot;background_background&quot;:&quot;classic&quot;}\">\n\t\t\t\t<div class=\"elementor-element elementor-element-84fc6ea elementor-view-stacked elementor-shape-circle elementor-widget elementor-widget-icon\" data-id=\"84fc6ea\" data-element_type=\"widget\" data-e-type=\"widget\" data-widget_type=\"icon.default\">\n\t\t\t\t<div class=\"elementor-widget-container\">\n\t\t\t\t\t\t\t<div class=\"elementor-icon-wrapper\">\n\t\t\t<div class=\"elementor-icon\">\n\t\t\t<svg xmlns=\"http:\/\/www.w3.org\/2000\/svg\" width=\"26\" height=\"36\" viewBox=\"0 0 26 36\" fill=\"none\"><path d=\"M0.746028 27.4726C5.03403 24.2726 8.42603 21.3766 10.922 18.7846C13.418 16.1606 14.666 13.7126 14.666 11.4406C14.666 10.6726 14.49 10.0806 14.138 9.66463C13.818 9.24863 13.386 9.04063 12.842 9.04063C12.202 9.04063 11.69 9.37663 11.306 10.0486C10.954 10.6886 10.826 11.6806 10.922 13.0246H0.602028C0.698028 10.0486 1.33803 7.60063 2.52203 5.68063C3.73803 3.76063 5.30603 2.35263 7.22603 1.45663C9.14603 0.560626 11.258 0.112626 13.562 0.112626C17.658 0.112626 20.65 1.10463 22.538 3.08862C24.458 5.04063 25.418 7.55263 25.418 10.6246C25.418 13.8566 24.378 16.8966 22.298 19.7446C20.25 22.5606 17.674 24.9446 14.57 26.8966H25.562V35.4886H0.746028V27.4726Z\" fill=\"white\"><\/path><\/svg>\t\t\t<\/div>\n\t\t<\/div>\n\t\t\t\t\t\t<\/div>\n\t\t\t\t<\/div>\n\t\t\t\t<div class=\"elementor-element elementor-element-c713e52 elementor-widget elementor-widget-heading\" data-id=\"c713e52\" data-element_type=\"widget\" data-e-type=\"widget\" data-widget_type=\"heading.default\">\n\t\t\t\t<div class=\"elementor-widget-container\">\n\t\t\t\t\t<h5 class=\"elementor-heading-title elementor-size-default\">COMPARTILHE SEU LINK COM SUA COMUNIDADE:<\/h5>\t\t\t\t<\/div>\n\t\t\t\t<\/div>\n\t\t\t\t<div class=\"elementor-element elementor-element-eb82415 elementor-widget elementor-widget-text-editor\" data-id=\"eb82415\" data-element_type=\"widget\" data-e-type=\"widget\" data-widget_type=\"text-editor.default\">\n\t\t\t\t<div class=\"elementor-widget-container\">\n\t\t\t\t\t\t\t\t\t<p>Depois de verificado corretamente, voc\u00ea ter\u00e1 acesso a todos os recursos de marketing e poder\u00e1 gerar seu cupom de afiliado<\/p>\t\t\t\t\t\t\t\t<\/div>\n\t\t\t\t<\/div>\n\t\t\t\t<\/div>\n\t\t<div class=\"elementor-element elementor-element-001e4c5 e-con-full sb-gradient-box-1 e-flex e-con e-child\" data-id=\"001e4c5\" data-element_type=\"container\" data-e-type=\"container\" data-settings=\"{&quot;background_background&quot;:&quot;classic&quot;}\">\n\t\t\t\t<div class=\"elementor-element elementor-element-121055f elementor-view-stacked elementor-shape-circle elementor-widget elementor-widget-icon\" data-id=\"121055f\" data-element_type=\"widget\" data-e-type=\"widget\" data-widget_type=\"icon.default\">\n\t\t\t\t<div class=\"elementor-widget-container\">\n\t\t\t\t\t\t\t<div class=\"elementor-icon-wrapper\">\n\t\t\t<div class=\"elementor-icon\">\n\t\t\t<svg xmlns=\"http:\/\/www.w3.org\/2000\/svg\" width=\"26\" height=\"37\" viewBox=\"0 0 26 37\" fill=\"none\"><path d=\"M0.390153 11.8726C0.486153 8.06463 1.59015 5.15263 3.70215 3.13663C5.84615 1.12063 8.87015 0.112626 12.7742 0.112626C15.3022 0.112626 17.4622 0.544626 19.2542 1.40863C21.0462 2.27263 22.3902 3.44063 23.2862 4.91263C24.2142 6.38463 24.6782 8.04863 24.6782 9.90463C24.6782 12.1446 24.1502 13.9046 23.0942 15.1846C22.0382 16.4326 20.8542 17.2806 19.5422 17.7286V17.9206C23.3822 19.3606 25.3022 22.0326 25.3022 25.9366C25.3022 27.9846 24.8222 29.7926 23.8622 31.3606C22.9022 32.9286 21.5262 34.1446 19.7342 35.0086C17.9742 35.8726 15.8782 36.3046 13.4462 36.3046C9.28615 36.3046 6.02215 35.3126 3.65415 33.3286C1.28615 31.3446 0.0701531 28.2406 0.00615311 24.0166H10.3742C10.3102 25.1686 10.4702 26.0486 10.8542 26.6566C11.2702 27.2326 11.9742 27.5206 12.9662 27.5206C13.5422 27.5206 14.0222 27.3126 14.4062 26.8966C14.7902 26.4486 14.9822 25.8726 14.9822 25.1686C14.9822 24.2726 14.6782 23.6006 14.0702 23.1526C13.4942 22.6726 12.5022 22.4326 11.0942 22.4326H9.31815V13.8406H11.0462C13.2222 13.9686 14.3102 13.1046 14.3102 11.2486C14.3102 10.4486 14.1342 9.85663 13.7822 9.47263C13.4622 9.08863 13.0462 8.89663 12.5342 8.89663C11.3502 8.89663 10.7582 9.88863 10.7582 11.8726H0.390153Z\" fill=\"white\"><\/path><\/svg>\t\t\t<\/div>\n\t\t<\/div>\n\t\t\t\t\t\t<\/div>\n\t\t\t\t<\/div>\n\t\t\t\t<div class=\"elementor-element elementor-element-9b60e31 elementor-widget elementor-widget-heading\" data-id=\"9b60e31\" data-element_type=\"widget\" data-e-type=\"widget\" data-widget_type=\"heading.default\">\n\t\t\t\t<div class=\"elementor-widget-container\">\n\t\t\t\t\t<h5 class=\"elementor-heading-title elementor-size-default\">VOC\u00ca GANHA 100$<\/h5>\t\t\t\t<\/div>\n\t\t\t\t<\/div>\n\t\t\t\t<div class=\"elementor-element elementor-element-2ca0ef4 elementor-widget elementor-widget-text-editor\" data-id=\"2ca0ef4\" data-element_type=\"widget\" data-e-type=\"widget\" data-widget_type=\"text-editor.default\">\n\t\t\t\t<div class=\"elementor-widget-container\">\n\t\t\t\t\t\t\t\t\t<p>Se come\u00e7armos a trabalhar com sua indica\u00e7\u00e3o, enviaremos US$ 100 para agradecer por espalhar a palavra!<\/p>\t\t\t\t\t\t\t\t<\/div>\n\t\t\t\t<\/div>\n\t\t\t\t<\/div>\n\t\t\t\t<\/div>\n\t\t\t\t<\/div>\n\t\t\t\t\t<\/div>\n\t\t\t\t<\/div>\n\t\t<div class=\"elementor-element elementor-element-698e8fa e-flex e-con-boxed e-con e-parent\" data-id=\"698e8fa\" data-element_type=\"container\" data-e-type=\"container\">\n\t\t\t\t\t<div class=\"e-con-inner\">\n\t\t<div class=\"elementor-element elementor-element-23b5ab9 e-con-full e-flex e-con e-child\" data-id=\"23b5ab9\" data-element_type=\"container\" data-e-type=\"container\">\n\t\t\t\t<div class=\"elementor-element elementor-element-df930f2 elementor-widget elementor-widget-image\" data-id=\"df930f2\" data-element_type=\"widget\" data-e-type=\"widget\" data-widget_type=\"image.default\">\n\t\t\t\t<div class=\"elementor-widget-container\">\n\t\t\t\t\t\t\t\t\t\t\t\t\t\t\t<img decoding=\"async\" width=\"1118\" height=\"644\" src=\"https:\/\/standardbacking.com\/wp-content\/uploads\/2025\/01\/Rectangle-20.png\" class=\"attachment-full size-full wp-image-20092\" alt=\"\" \/>\t\t\t\t\t\t\t\t\t\t\t\t\t\t\t<\/div>\n\t\t\t\t<\/div>\n\t\t\t\t<\/div>\n\t\t<div class=\"elementor-element elementor-element-205021b e-con-full e-flex e-con e-child\" data-id=\"205021b\" data-element_type=\"container\" data-e-type=\"container\">\n\t\t\t\t<div class=\"elementor-element elementor-element-8babbee elementor-widget elementor-widget-heading\" data-id=\"8babbee\" data-element_type=\"widget\" data-e-type=\"widget\" data-widget_type=\"heading.default\">\n\t\t\t\t<div class=\"elementor-widget-container\">\n\t\t\t\t\t<h2 class=\"elementor-heading-title elementor-size-default\">SOBRE<br> <span>standard backing<\/span><br><\/h2>\t\t\t\t<\/div>\n\t\t\t\t<\/div>\n\t\t\t\t<div class=\"elementor-element elementor-element-bc2d8a2 elementor-widget elementor-widget-text-editor\" data-id=\"bc2d8a2\" data-element_type=\"widget\" data-e-type=\"widget\" data-widget_type=\"text-editor.default\">\n\t\t\t\t<div class=\"elementor-widget-container\">\n\t\t\t\t\t\t\t\t\t<p>O <strong>Standard Backing<\/strong> tem o que um jogador de p\u00f4quer precisa para subir as apostas e ganhar muito. Com treinamento de p\u00f4quer personalizado de profissionais e acordos amig\u00e1veis \u200b\u200baos jogadores que outros patrocinadores n\u00e3o conseguem igualar.<\/p>\t\t\t\t\t\t\t\t<\/div>\n\t\t\t\t<\/div>\n\t\t\t\t<\/div>\n\t\t\t\t\t<\/div>\n\t\t\t\t<\/div>\n\t\t<div class=\"elementor-element elementor-element-b6dc7e5 e-flex e-con-boxed e-con e-parent\" data-id=\"b6dc7e5\" data-element_type=\"container\" data-e-type=\"container\">\n\t\t\t\t\t<div class=\"e-con-inner\">\n\t\t<div class=\"elementor-element elementor-element-3636418 e-con-full e-flex e-con e-child\" data-id=\"3636418\" data-element_type=\"container\" data-e-type=\"container\">\n\t\t\t\t<div class=\"elementor-element elementor-element-01158ad elementor-widget elementor-widget-image\" data-id=\"01158ad\" data-element_type=\"widget\" data-e-type=\"widget\" data-widget_type=\"image.default\">\n\t\t\t\t<div class=\"elementor-widget-container\">\n\t\t\t\t\t\t\t\t\t\t\t\t\t\t\t<img decoding=\"async\" width=\"1118\" height=\"644\" src=\"https:\/\/standardbacking.com\/wp-content\/uploads\/2025\/01\/Rectangle-20.png\" class=\"attachment-full size-full wp-image-20092\" alt=\"\" \/>\t\t\t\t\t\t\t\t\t\t\t\t\t\t\t<\/div>\n\t\t\t\t<\/div>\n\t\t\t\t<\/div>\n\t\t<div class=\"elementor-element elementor-element-f54afb8 e-con-full e-flex e-con e-child\" data-id=\"f54afb8\" data-element_type=\"container\" data-e-type=\"container\">\n\t\t\t\t<div class=\"elementor-element elementor-element-204005a elementor-widget elementor-widget-heading\" data-id=\"204005a\" data-element_type=\"widget\" data-e-type=\"widget\" data-widget_type=\"heading.default\">\n\t\t\t\t<div class=\"elementor-widget-container\">\n\t\t\t\t\t<h2 class=\"elementor-heading-title elementor-size-default\">N\u00d3S JOGAMOS POKER\u00a0<br> <span class=\"primary-text\">T\u00c3O S\u00c9RIO QUANTO VOC\u00ca FAZ<\/br><\/span><\/h2>\t\t\t\t<\/div>\n\t\t\t\t<\/div>\n\t\t\t\t<div class=\"elementor-element elementor-element-3bf9d9d elementor-widget elementor-widget-text-editor\" data-id=\"3bf9d9d\" data-element_type=\"widget\" data-e-type=\"widget\" data-widget_type=\"text-editor.default\">\n\t\t\t\t<div class=\"elementor-widget-container\">\n\t\t\t\t\t\t\t\t\t<p>Por meio do nosso processo de inscri\u00e7\u00e3o criterioso, encontramos jogadores experientes que passam pelo menos 20 horas por semana jogando e estudando para torneios de p\u00f4quer, jogos a dinheiro e muito mais.<\/p>\t\t\t\t\t\t\t\t<\/div>\n\t\t\t\t<\/div>\n\t\t\t\t<\/div>\n\t\t\t\t\t<\/div>\n\t\t\t\t<\/div>\n\t\t<div class=\"elementor-element elementor-element-40ffc4e e-flex e-con-boxed e-con e-parent\" data-id=\"40ffc4e\" data-element_type=\"container\" data-e-type=\"container\">\n\t\t\t\t\t<div class=\"e-con-inner\">\n\t\t<div class=\"elementor-element elementor-element-7a0d118 e-con-full e-flex e-con e-child\" data-id=\"7a0d118\" data-element_type=\"container\" data-e-type=\"container\">\n\t\t<div class=\"elementor-element elementor-element-97b3115 e-con-full e-flex e-con e-child\" data-id=\"97b3115\" data-element_type=\"container\" data-e-type=\"container\">\n\t\t\t\t<div class=\"elementor-element elementor-element-5e32cf6 elementor-widget elementor-widget-image\" data-id=\"5e32cf6\" data-element_type=\"widget\" data-e-type=\"widget\" data-widget_type=\"image.default\">\n\t\t\t\t<div class=\"elementor-widget-container\">\n\t\t\t\t\t\t\t\t\t\t\t\t\t\t\t<img loading=\"lazy\" decoding=\"async\" width=\"508\" height=\"684\" src=\"https:\/\/standardbacking.com\/wp-content\/uploads\/2025\/01\/trofeo-1.png\" class=\"attachment-full size-full wp-image-20100\" alt=\"\" \/>\t\t\t\t\t\t\t\t\t\t\t\t\t\t\t<\/div>\n\t\t\t\t<\/div>\n\t\t\t\t<\/div>\n\t\t<div class=\"elementor-element elementor-element-1c7e79a e-con-full e-flex e-con e-child\" data-id=\"1c7e79a\" data-element_type=\"container\" data-e-type=\"container\">\n\t\t<div class=\"elementor-element elementor-element-9bd559b e-con-full e-flex e-con e-child\" data-id=\"9bd559b\" data-element_type=\"container\" data-e-type=\"container\">\n\t\t\t\t<div class=\"elementor-element elementor-element-1791ff2 elementor-widget__width-initial elementor-widget elementor-widget-heading\" data-id=\"1791ff2\" data-element_type=\"widget\" data-e-type=\"widget\" data-widget_type=\"heading.default\">\n\t\t\t\t<div class=\"elementor-widget-container\">\n\t\t\t\t\t<h1 class=\"elementor-heading-title elementor-size-default\">Benef\u00edcios <span class=\"primary-text\">para seus jogadores<\/span><\/h1>\t\t\t\t<\/div>\n\t\t\t\t<\/div>\n\t\t\t\t<div class=\"elementor-element elementor-element-f4c4a0f elementor-widget elementor-widget-text-editor\" data-id=\"f4c4a0f\" data-element_type=\"widget\" data-e-type=\"widget\" data-widget_type=\"text-editor.default\">\n\t\t\t\t<div class=\"elementor-widget-container\">\n\t\t\t\t\t\t\t\t\t<p><strong>Aplica\u00e7\u00e3o premium:<\/strong> nossos afiliados refrred passam por um processo de aplica\u00e7\u00e3o premium, revisado em menos de 100 horas. Porque, na comunidade profissional, pessoas profissionais se conectam.<\/p>\t\t\t\t\t\t\t\t<\/div>\n\t\t\t\t<\/div>\n\t\t\t\t<\/div>\n\t\t\t\t<div class=\"elementor-element elementor-element-524d776 elementor-align-right elementor-mobile-align-left elementor-widget elementor-widget-button\" data-id=\"524d776\" data-element_type=\"widget\" data-e-type=\"widget\" data-widget_type=\"button.default\">\n\t\t\t\t<div class=\"elementor-widget-container\">\n\t\t\t\t\t\t\t\t\t<div class=\"elementor-button-wrapper\">\n\t\t\t\t\t<a class=\"elementor-button elementor-button-link elementor-size-sm\" href=\"#\">\n\t\t\t\t\t\t<span class=\"elementor-button-content-wrapper\">\n\t\t\t\t\t\t<span class=\"elementor-button-icon\">\n\t\t\t\t<svg xmlns=\"http:\/\/www.w3.org\/2000\/svg\" width=\"20\" height=\"21\" viewBox=\"0 0 20 21\" fill=\"none\"><ellipse cx=\"10\" cy=\"10.5\" rx=\"10\" ry=\"10.5\" fill=\"white\"><\/ellipse><path d=\"M9.14286 5C9.14286 5.583 9.77114 6.45357 10.4071 7.18429C11.2249 8.12714 12.202 8.94979 13.3223 9.57757C14.1623 10.0482 15.1806 10.5 16 10.5M16 10.5C15.1806 10.5 14.1614 10.9518 13.3223 11.4224C12.202 12.051 11.2249 12.8736 10.4071 13.8149C9.77114 14.5464 9.14286 15.4186 9.14286 16M16 10.5L3 10.5\" stroke=\"#EA3F37\" stroke-width=\"2\" stroke-linejoin=\"round\"><\/path><\/svg>\t\t\t<\/span>\n\t\t\t\t\t\t\t\t\t<span class=\"elementor-button-text\">Inscreva-se agora<\/span>\n\t\t\t\t\t<\/span>\n\t\t\t\t\t<\/a>\n\t\t\t\t<\/div>\n\t\t\t\t\t\t\t\t<\/div>\n\t\t\t\t<\/div>\n\t\t\t\t<\/div>\n\t\t\t\t<\/div>\n\t\t\t\t\t<\/div>\n\t\t\t\t<\/div>\n\t\t\t\t<\/div>\n\t\t","protected":false},"excerpt":{"rendered":"<p>Compartilhe o jogo Indique um amigo com Standard Backing N\u00e3o arrisque seu futuro, aposte no sucesso! Cadastre-se no programa de afiliados e garanta uma m\u00e3o vencedora no mundo das carreiras [&hellip;]<\/p>\n","protected":false},"author":195,"featured_media":0,"parent":0,"menu_order":0,"comment_status":"closed","ping_status":"closed","template":"","meta":{"footnotes":""},"yst_prominent_words":[],"class_list":["post-23628","page","type-page","status-publish","hentry"],"_links":{"self":[{"href":"https:\/\/standardbacking.com\/pt\/wp-json\/wp\/v2\/pages\/23628","targetHints":{"allow":["GET"]}}],"collection":[{"href":"https:\/\/standardbacking.com\/pt\/wp-json\/wp\/v2\/pages"}],"about":[{"href":"https:\/\/standardbacking.com\/pt\/wp-json\/wp\/v2\/types\/page"}],"author":[{"embeddable":true,"href":"https:\/\/standardbacking.com\/pt\/wp-json\/wp\/v2\/users\/195"}],"replies":[{"embeddable":true,"href":"https:\/\/standardbacking.com\/pt\/wp-json\/wp\/v2\/comments?post=23628"}],"version-history":[{"count":4,"href":"https:\/\/standardbacking.com\/pt\/wp-json\/wp\/v2\/pages\/23628\/revisions"}],"predecessor-version":[{"id":23823,"href":"https:\/\/standardbacking.com\/pt\/wp-json\/wp\/v2\/pages\/23628\/revisions\/23823"}],"wp:attachment":[{"href":"https:\/\/standardbacking.com\/pt\/wp-json\/wp\/v2\/media?parent=23628"}],"wp:term":[{"taxonomy":"yst_prominent_words","embeddable":true,"href":"https:\/\/standardbacking.com\/pt\/wp-json\/wp\/v2\/yst_prominent_words?post=23628"}],"curies":[{"name":"wp","href":"https:\/\/api.w.org\/{rel}","templated":true}]}}