{"id":26711,"date":"2025-07-22T13:41:34","date_gmt":"2025-07-22T18:41:34","guid":{"rendered":"https:\/\/standardbacking.com\/?page_id=26711"},"modified":"2025-07-22T13:41:35","modified_gmt":"2025-07-22T18:41:35","slug":"pt-confirmation-online-interview-completed","status":"publish","type":"page","link":"https:\/\/standardbacking.com\/pt\/pt-confirmation-online-interview-completed\/","title":{"rendered":"PT Confirmation Online interview completed"},"content":{"rendered":"\t\t<div data-elementor-type=\"wp-page\" data-elementor-id=\"26711\" class=\"elementor elementor-26711\" data-elementor-post-type=\"page\">\n\t\t\t\t<div class=\"elementor-element elementor-element-e3bf46b e-flex e-con-boxed e-con e-parent\" data-id=\"e3bf46b\" data-element_type=\"container\" data-e-type=\"container\">\n\t\t\t\t\t<div class=\"e-con-inner\">\n\t\t<div class=\"elementor-element elementor-element-1ad9d0c e-con-full e-flex e-con e-child\" data-id=\"1ad9d0c\" data-element_type=\"container\" data-e-type=\"container\" data-settings=\"{&quot;background_background&quot;:&quot;classic&quot;}\">\n\t\t\t\t<div class=\"elementor-element elementor-element-bd82428 elementor-widget elementor-widget-image\" data-id=\"bd82428\" data-element_type=\"widget\" data-e-type=\"widget\" data-widget_type=\"image.default\">\n\t\t\t\t<div class=\"elementor-widget-container\">\n\t\t\t\t\t\t\t\t\t\t\t\t\t\t\t\t<a href=\"https:\/\/standardbacking.com\/pt\/\">\n\t\t\t\t\t\t\t<img fetchpriority=\"high\" decoding=\"async\" width=\"408\" height=\"468\" src=\"https:\/\/standardbacking.com\/wp-content\/uploads\/2025\/03\/StandardBacking-Symbol-1.webp\" class=\"attachment-large size-large wp-image-22761\" alt=\"\" \/>\t\t\t\t\t\t\t\t<\/a>\n\t\t\t\t\t\t\t\t\t\t\t\t\t\t\t<\/div>\n\t\t\t\t<\/div>\n\t\t\t\t<div class=\"elementor-element elementor-element-469c4fc elementor-widget elementor-widget-heading\" data-id=\"469c4fc\" data-element_type=\"widget\" data-e-type=\"widget\" data-widget_type=\"heading.default\">\n\t\t\t\t<div class=\"elementor-widget-container\">\n\t\t\t\t\t<div class=\"elementor-heading-title elementor-size-default\">APLICA\u00c7\u00c3O CONCLU\u00cdDA<\/div>\t\t\t\t<\/div>\n\t\t\t\t<\/div>\n\t\t\t\t<div class=\"elementor-element elementor-element-d7daaa5 elementor-widget__width-initial elementor-widget elementor-widget-heading\" data-id=\"d7daaa5\" data-element_type=\"widget\" data-e-type=\"widget\" data-widget_type=\"heading.default\">\n\t\t\t\t<div class=\"elementor-widget-container\">\n\t\t\t\t\t<h2 class=\"elementor-heading-title elementor-size-default\">Obrigado <span class=\"primary-text\"> pela sua postula\u00e7\u00e3o<\/span><\/h2>\t\t\t\t<\/div>\n\t\t\t\t<\/div>\n\t\t\t\t<div class=\"elementor-element elementor-element-64636fe elementor-widget__width-initial elementor-widget elementor-widget-text-editor\" data-id=\"64636fe\" data-element_type=\"widget\" data-e-type=\"widget\" data-widget_type=\"text-editor.default\">\n\t\t\t\t<div class=\"elementor-widget-container\">\n\t\t\t\t\t\t\t\t\t<p>Nossa equipe recebeu sua inscri\u00e7\u00e3o e entraremos em contato com voc\u00ea em breve.<\/p>\t\t\t\t\t\t\t\t<\/div>\n\t\t\t\t<\/div>\n\t\t\t\t<div class=\"elementor-element elementor-element-8153b46 elementor-widget elementor-widget-button\" data-id=\"8153b46\" data-element_type=\"widget\" data-e-type=\"widget\" data-widget_type=\"button.default\">\n\t\t\t\t<div class=\"elementor-widget-container\">\n\t\t\t\t\t\t\t\t\t<div class=\"elementor-button-wrapper\">\n\t\t\t\t\t<a class=\"elementor-button elementor-button-link elementor-size-sm\" href=\"#\">\n\t\t\t\t\t\t<span class=\"elementor-button-content-wrapper\">\n\t\t\t\t\t\t\t\t\t<span class=\"elementor-button-text\">IR PARA O DASHBOARD<\/span>\n\t\t\t\t\t<\/span>\n\t\t\t\t\t<\/a>\n\t\t\t\t<\/div>\n\t\t\t\t\t\t\t\t<\/div>\n\t\t\t\t<\/div>\n\t\t\t\t<\/div>\n\t\t\t\t\t<\/div>\n\t\t\t\t<\/div>\n\t\t\t\t<\/div>\n\t\t","protected":false},"excerpt":{"rendered":"<p>APLICA\u00c7\u00c3O CONCLU\u00cdDA Obrigado pela sua postula\u00e7\u00e3o Nossa equipe recebeu sua inscri\u00e7\u00e3o e entraremos em contato com voc\u00ea em breve. IR PARA O DASHBOARD<\/p>\n","protected":false},"author":188,"featured_media":0,"parent":0,"menu_order":0,"comment_status":"closed","ping_status":"closed","template":"","meta":{"footnotes":""},"yst_prominent_words":[],"class_list":["post-26711","page","type-page","status-publish","hentry"],"_links":{"self":[{"href":"https:\/\/standardbacking.com\/pt\/wp-json\/wp\/v2\/pages\/26711","targetHints":{"allow":["GET"]}}],"collection":[{"href":"https:\/\/standardbacking.com\/pt\/wp-json\/wp\/v2\/pages"}],"about":[{"href":"https:\/\/standardbacking.com\/pt\/wp-json\/wp\/v2\/types\/page"}],"author":[{"embeddable":true,"href":"https:\/\/standardbacking.com\/pt\/wp-json\/wp\/v2\/users\/188"}],"replies":[{"embeddable":true,"href":"https:\/\/standardbacking.com\/pt\/wp-json\/wp\/v2\/comments?post=26711"}],"version-history":[{"count":1,"href":"https:\/\/standardbacking.com\/pt\/wp-json\/wp\/v2\/pages\/26711\/revisions"}],"predecessor-version":[{"id":26714,"href":"https:\/\/standardbacking.com\/pt\/wp-json\/wp\/v2\/pages\/26711\/revisions\/26714"}],"wp:attachment":[{"href":"https:\/\/standardbacking.com\/pt\/wp-json\/wp\/v2\/media?parent=26711"}],"wp:term":[{"taxonomy":"yst_prominent_words","embeddable":true,"href":"https:\/\/standardbacking.com\/pt\/wp-json\/wp\/v2\/yst_prominent_words?post=26711"}],"curies":[{"name":"wp","href":"https:\/\/api.w.org\/{rel}","templated":true}]}}